{"id":11661,"date":"2024-07-23T18:06:32","date_gmt":"2024-07-23T15:06:32","guid":{"rendered":"https:\/\/limarmobilya.com\/?post_type=product&#038;p=11661"},"modified":"2024-07-23T18:07:05","modified_gmt":"2024-07-23T15:07:05","slug":"mdf-kasa-mebran-kapak-8","status":"publish","type":"product","link":"https:\/\/limarmobilya.com\/?product=mdf-kasa-mebran-kapak-8","title":{"rendered":"MDF Kasa Mebran Kapak"},"content":{"rendered":"","protected":false},"excerpt":{"rendered":"<p>\u00d6zel \u00f6l\u00e7\u00fcye g\u00f6re yap\u0131lmaktad\u0131r. L\u00fctfen Whatsapp&#8217;tan ileti\u015fme ge\u00e7iniz.<\/p>\n","protected":false},"featured_media":11633,"comment_status":"open","ping_status":"closed","template":"","meta":[],"product_cat":[99],"product_tag":[],"class_list":{"0":"post-11661","1":"product","2":"type-product","3":"status-publish","4":"has-post-thumbnail","6":"product_cat-mdf-kasa","8":"first","9":"instock","10":"taxable","11":"shipping-taxable","12":"product-type-simple"},"_links":{"self":[{"href":"https:\/\/limarmobilya.com\/index.php?rest_route=\/wp\/v2\/product\/11661","targetHints":{"allow":["GET"]}}],"collection":[{"href":"https:\/\/limarmobilya.com\/index.php?rest_route=\/wp\/v2\/product"}],"about":[{"href":"https:\/\/limarmobilya.com\/index.php?rest_route=\/wp\/v2\/types\/product"}],"replies":[{"embeddable":true,"href":"https:\/\/limarmobilya.com\/index.php?rest_route=%2Fwp%2Fv2%2Fcomments&post=11661"}],"version-history":[{"count":1,"href":"https:\/\/limarmobilya.com\/index.php?rest_route=\/wp\/v2\/product\/11661\/revisions"}],"predecessor-version":[{"id":11662,"href":"https:\/\/limarmobilya.com\/index.php?rest_route=\/wp\/v2\/product\/11661\/revisions\/11662"}],"wp:featuredmedia":[{"embeddable":true,"href":"https:\/\/limarmobilya.com\/index.php?rest_route=\/wp\/v2\/media\/11633"}],"wp:attachment":[{"href":"https:\/\/limarmobilya.com\/index.php?rest_route=%2Fwp%2Fv2%2Fmedia&parent=11661"}],"wp:term":[{"taxonomy":"product_cat","embeddable":true,"href":"https:\/\/limarmobilya.com\/index.php?rest_route=%2Fwp%2Fv2%2Fproduct_cat&post=11661"},{"taxonomy":"product_tag","embeddable":true,"href":"https:\/\/limarmobilya.com\/index.php?rest_route=%2Fwp%2Fv2%2Fproduct_tag&post=11661"}],"curies":[{"name":"wp","href":"https:\/\/api.w.org\/{rel}","templated":true}]}}