{"id":11547,"date":"2024-07-23T02:38:57","date_gmt":"2024-07-22T23:38:57","guid":{"rendered":"https:\/\/limarmobilya.com\/?post_type=product&#038;p=11547"},"modified":"2024-07-23T02:45:05","modified_gmt":"2024-07-22T23:45:05","slug":"limar-l-236-4-kapakli-rafli-cekmeceli-dolap","status":"publish","type":"product","link":"https:\/\/limarmobilya.com\/?product=limar-l-236-4-kapakli-rafli-cekmeceli-dolap","title":{"rendered":"Limar (L-236) 4 Kapakl\u0131 Rafl\u0131 \u00c7ekmeceli Dolap"},"content":{"rendered":"","protected":false},"excerpt":{"rendered":"<p>Boy: 180 cm<br \/>\nEn: 80 cm<br \/>\nDerinlik: 50 cm<\/p>\n","protected":false},"featured_media":9904,"comment_status":"open","ping_status":"closed","template":"","meta":[],"product_cat":[74],"product_tag":[],"class_list":{"0":"post-11547","1":"product","2":"type-product","3":"status-publish","4":"has-post-thumbnail","6":"product_cat-cok-amacli-dolap","8":"first","9":"instock","10":"sale","11":"taxable","12":"shipping-taxable","13":"purchasable","14":"product-type-simple"},"_links":{"self":[{"href":"https:\/\/limarmobilya.com\/index.php?rest_route=\/wp\/v2\/product\/11547","targetHints":{"allow":["GET"]}}],"collection":[{"href":"https:\/\/limarmobilya.com\/index.php?rest_route=\/wp\/v2\/product"}],"about":[{"href":"https:\/\/limarmobilya.com\/index.php?rest_route=\/wp\/v2\/types\/product"}],"replies":[{"embeddable":true,"href":"https:\/\/limarmobilya.com\/index.php?rest_route=%2Fwp%2Fv2%2Fcomments&post=11547"}],"version-history":[{"count":1,"href":"https:\/\/limarmobilya.com\/index.php?rest_route=\/wp\/v2\/product\/11547\/revisions"}],"predecessor-version":[{"id":11577,"href":"https:\/\/limarmobilya.com\/index.php?rest_route=\/wp\/v2\/product\/11547\/revisions\/11577"}],"wp:featuredmedia":[{"embeddable":true,"href":"https:\/\/limarmobilya.com\/index.php?rest_route=\/wp\/v2\/media\/9904"}],"wp:attachment":[{"href":"https:\/\/limarmobilya.com\/index.php?rest_route=%2Fwp%2Fv2%2Fmedia&parent=11547"}],"wp:term":[{"taxonomy":"product_cat","embeddable":true,"href":"https:\/\/limarmobilya.com\/index.php?rest_route=%2Fwp%2Fv2%2Fproduct_cat&post=11547"},{"taxonomy":"product_tag","embeddable":true,"href":"https:\/\/limarmobilya.com\/index.php?rest_route=%2Fwp%2Fv2%2Fproduct_tag&post=11547"}],"curies":[{"name":"wp","href":"https:\/\/api.w.org\/{rel}","templated":true}]}}