{"id":11483,"date":"2024-07-23T02:38:49","date_gmt":"2024-07-22T23:38:49","guid":{"rendered":"https:\/\/limarmobilya.com\/?post_type=product&#038;p=11483"},"modified":"2024-07-23T02:45:01","modified_gmt":"2024-07-22T23:45:01","slug":"limar-l-194-2-cekmeceli-1-kapakli-cok-amacli-dolap","status":"publish","type":"product","link":"https:\/\/limarmobilya.com\/?product=limar-l-194-2-cekmeceli-1-kapakli-cok-amacli-dolap","title":{"rendered":"Limar (L-194) 2 \u00c7ekmeceli 1 Kapakl\u0131 \u00c7ok Ama\u00e7l\u0131 Dolap"},"content":{"rendered":"","protected":false},"excerpt":{"rendered":"<p>Boy: 180 cm<br \/>\nEn: 50 cm<br \/>\nDerinlik: 50 cm<\/p>\n","protected":false},"featured_media":9564,"comment_status":"open","ping_status":"closed","template":"","meta":[],"product_cat":[74],"product_tag":[],"class_list":{"0":"post-11483","1":"product","2":"type-product","3":"status-publish","4":"has-post-thumbnail","6":"product_cat-cok-amacli-dolap","8":"first","9":"instock","10":"sale","11":"taxable","12":"shipping-taxable","13":"purchasable","14":"product-type-variable"},"_links":{"self":[{"href":"https:\/\/limarmobilya.com\/index.php?rest_route=\/wp\/v2\/product\/11483","targetHints":{"allow":["GET"]}}],"collection":[{"href":"https:\/\/limarmobilya.com\/index.php?rest_route=\/wp\/v2\/product"}],"about":[{"href":"https:\/\/limarmobilya.com\/index.php?rest_route=\/wp\/v2\/types\/product"}],"replies":[{"embeddable":true,"href":"https:\/\/limarmobilya.com\/index.php?rest_route=%2Fwp%2Fv2%2Fcomments&post=11483"}],"version-history":[{"count":1,"href":"https:\/\/limarmobilya.com\/index.php?rest_route=\/wp\/v2\/product\/11483\/revisions"}],"predecessor-version":[{"id":11513,"href":"https:\/\/limarmobilya.com\/index.php?rest_route=\/wp\/v2\/product\/11483\/revisions\/11513"}],"wp:featuredmedia":[{"embeddable":true,"href":"https:\/\/limarmobilya.com\/index.php?rest_route=\/wp\/v2\/media\/9564"}],"wp:attachment":[{"href":"https:\/\/limarmobilya.com\/index.php?rest_route=%2Fwp%2Fv2%2Fmedia&parent=11483"}],"wp:term":[{"taxonomy":"product_cat","embeddable":true,"href":"https:\/\/limarmobilya.com\/index.php?rest_route=%2Fwp%2Fv2%2Fproduct_cat&post=11483"},{"taxonomy":"product_tag","embeddable":true,"href":"https:\/\/limarmobilya.com\/index.php?rest_route=%2Fwp%2Fv2%2Fproduct_tag&post=11483"}],"curies":[{"name":"wp","href":"https:\/\/api.w.org\/{rel}","templated":true}]}}