{"id":11447,"date":"2024-07-23T02:38:42","date_gmt":"2024-07-22T23:38:42","guid":{"rendered":"https:\/\/limarmobilya.com\/?post_type=product&#038;p=11447"},"modified":"2024-07-23T02:44:59","modified_gmt":"2024-07-22T23:44:59","slug":"limar-l-183-1-kapakli-2-cekmeceli-cok-amacli-dolap","status":"publish","type":"product","link":"https:\/\/limarmobilya.com\/?product=limar-l-183-1-kapakli-2-cekmeceli-cok-amacli-dolap","title":{"rendered":"Limar (L-183) 1 Kapakl\u0131 2 \u00c7ekmeceli \u00c7ok Ama\u00e7l\u0131 Dolap"},"content":{"rendered":"","protected":false},"excerpt":{"rendered":"<p>Boy: 90 cm<br \/>\nEn: 80 cm<br \/>\nDerinlik: 30 cm<\/p>\n","protected":false},"featured_media":9450,"comment_status":"open","ping_status":"closed","template":"","meta":[],"product_cat":[74],"product_tag":[],"class_list":{"0":"post-11447","1":"product","2":"type-product","3":"status-publish","4":"has-post-thumbnail","6":"product_cat-cok-amacli-dolap","8":"first","9":"instock","10":"sale","11":"taxable","12":"shipping-taxable","13":"purchasable","14":"product-type-simple"},"_links":{"self":[{"href":"https:\/\/limarmobilya.com\/index.php?rest_route=\/wp\/v2\/product\/11447","targetHints":{"allow":["GET"]}}],"collection":[{"href":"https:\/\/limarmobilya.com\/index.php?rest_route=\/wp\/v2\/product"}],"about":[{"href":"https:\/\/limarmobilya.com\/index.php?rest_route=\/wp\/v2\/types\/product"}],"replies":[{"embeddable":true,"href":"https:\/\/limarmobilya.com\/index.php?rest_route=%2Fwp%2Fv2%2Fcomments&post=11447"}],"version-history":[{"count":1,"href":"https:\/\/limarmobilya.com\/index.php?rest_route=\/wp\/v2\/product\/11447\/revisions"}],"predecessor-version":[{"id":11472,"href":"https:\/\/limarmobilya.com\/index.php?rest_route=\/wp\/v2\/product\/11447\/revisions\/11472"}],"wp:featuredmedia":[{"embeddable":true,"href":"https:\/\/limarmobilya.com\/index.php?rest_route=\/wp\/v2\/media\/9450"}],"wp:attachment":[{"href":"https:\/\/limarmobilya.com\/index.php?rest_route=%2Fwp%2Fv2%2Fmedia&parent=11447"}],"wp:term":[{"taxonomy":"product_cat","embeddable":true,"href":"https:\/\/limarmobilya.com\/index.php?rest_route=%2Fwp%2Fv2%2Fproduct_cat&post=11447"},{"taxonomy":"product_tag","embeddable":true,"href":"https:\/\/limarmobilya.com\/index.php?rest_route=%2Fwp%2Fv2%2Fproduct_tag&post=11447"}],"curies":[{"name":"wp","href":"https:\/\/api.w.org\/{rel}","templated":true}]}}