{"id":11439,"date":"2024-07-23T02:38:41","date_gmt":"2024-07-22T23:38:41","guid":{"rendered":"https:\/\/limarmobilya.com\/?post_type=product&#038;p=11439"},"modified":"2024-07-23T02:44:58","modified_gmt":"2024-07-22T23:44:58","slug":"limar-l-175-calisma-masasi","status":"publish","type":"product","link":"https:\/\/limarmobilya.com\/?product=limar-l-175-calisma-masasi","title":{"rendered":"Limar (L-175) \u00c7al\u0131\u015fma Masas\u0131"},"content":{"rendered":"","protected":false},"excerpt":{"rendered":"<p>Boy: 120 cm<br \/>\nEn: 120 cm<br \/>\nDerinlik: 51 cm<\/p>\n","protected":false},"featured_media":9455,"comment_status":"open","ping_status":"closed","template":"","meta":[],"product_cat":[94],"product_tag":[],"class_list":{"0":"post-11439","1":"product","2":"type-product","3":"status-publish","4":"has-post-thumbnail","6":"product_cat-calisma-masasi","8":"first","9":"instock","10":"sale","11":"taxable","12":"shipping-taxable","13":"purchasable","14":"product-type-simple"},"_links":{"self":[{"href":"https:\/\/limarmobilya.com\/index.php?rest_route=\/wp\/v2\/product\/11439","targetHints":{"allow":["GET"]}}],"collection":[{"href":"https:\/\/limarmobilya.com\/index.php?rest_route=\/wp\/v2\/product"}],"about":[{"href":"https:\/\/limarmobilya.com\/index.php?rest_route=\/wp\/v2\/types\/product"}],"replies":[{"embeddable":true,"href":"https:\/\/limarmobilya.com\/index.php?rest_route=%2Fwp%2Fv2%2Fcomments&post=11439"}],"version-history":[{"count":1,"href":"https:\/\/limarmobilya.com\/index.php?rest_route=\/wp\/v2\/product\/11439\/revisions"}],"predecessor-version":[{"id":11464,"href":"https:\/\/limarmobilya.com\/index.php?rest_route=\/wp\/v2\/product\/11439\/revisions\/11464"}],"wp:featuredmedia":[{"embeddable":true,"href":"https:\/\/limarmobilya.com\/index.php?rest_route=\/wp\/v2\/media\/9455"}],"wp:attachment":[{"href":"https:\/\/limarmobilya.com\/index.php?rest_route=%2Fwp%2Fv2%2Fmedia&parent=11439"}],"wp:term":[{"taxonomy":"product_cat","embeddable":true,"href":"https:\/\/limarmobilya.com\/index.php?rest_route=%2Fwp%2Fv2%2Fproduct_cat&post=11439"},{"taxonomy":"product_tag","embeddable":true,"href":"https:\/\/limarmobilya.com\/index.php?rest_route=%2Fwp%2Fv2%2Fproduct_tag&post=11439"}],"curies":[{"name":"wp","href":"https:\/\/api.w.org\/{rel}","templated":true}]}}