{"id":11314,"date":"2024-07-23T02:38:25","date_gmt":"2024-07-22T23:38:25","guid":{"rendered":"https:\/\/limarmobilya.com\/?post_type=product&#038;p=11314"},"modified":"2024-07-23T02:44:50","modified_gmt":"2024-07-22T23:44:50","slug":"limar-l103-cok-amacli-2-cekmeceli-ofis-dolabi","status":"publish","type":"product","link":"https:\/\/limarmobilya.com\/?product=limar-l103-cok-amacli-2-cekmeceli-ofis-dolabi","title":{"rendered":"Limar L103 \u00c7ok Ama\u00e7l\u0131 2 \u00c7ekmeceli Ofis Dolab\u0131"},"content":{"rendered":"","protected":false},"excerpt":{"rendered":"<p>Boy: 110 cm<\/p>\n<p>En: 50 cm<\/p>\n<p>Derinlik: 32 cm<\/p>\n","protected":false},"featured_media":8881,"comment_status":"open","ping_status":"closed","template":"","meta":[],"product_cat":[72],"product_tag":[],"class_list":{"0":"post-11314","1":"product","2":"type-product","3":"status-publish","4":"has-post-thumbnail","6":"product_cat-ofis-dolabi","8":"first","9":"instock","10":"sale","11":"taxable","12":"shipping-taxable","13":"purchasable","14":"product-type-simple"},"_links":{"self":[{"href":"https:\/\/limarmobilya.com\/index.php?rest_route=\/wp\/v2\/product\/11314","targetHints":{"allow":["GET"]}}],"collection":[{"href":"https:\/\/limarmobilya.com\/index.php?rest_route=\/wp\/v2\/product"}],"about":[{"href":"https:\/\/limarmobilya.com\/index.php?rest_route=\/wp\/v2\/types\/product"}],"replies":[{"embeddable":true,"href":"https:\/\/limarmobilya.com\/index.php?rest_route=%2Fwp%2Fv2%2Fcomments&post=11314"}],"version-history":[{"count":1,"href":"https:\/\/limarmobilya.com\/index.php?rest_route=\/wp\/v2\/product\/11314\/revisions"}],"predecessor-version":[{"id":11344,"href":"https:\/\/limarmobilya.com\/index.php?rest_route=\/wp\/v2\/product\/11314\/revisions\/11344"}],"wp:featuredmedia":[{"embeddable":true,"href":"https:\/\/limarmobilya.com\/index.php?rest_route=\/wp\/v2\/media\/8881"}],"wp:attachment":[{"href":"https:\/\/limarmobilya.com\/index.php?rest_route=%2Fwp%2Fv2%2Fmedia&parent=11314"}],"wp:term":[{"taxonomy":"product_cat","embeddable":true,"href":"https:\/\/limarmobilya.com\/index.php?rest_route=%2Fwp%2Fv2%2Fproduct_cat&post=11314"},{"taxonomy":"product_tag","embeddable":true,"href":"https:\/\/limarmobilya.com\/index.php?rest_route=%2Fwp%2Fv2%2Fproduct_tag&post=11314"}],"curies":[{"name":"wp","href":"https:\/\/api.w.org\/{rel}","templated":true}]}}