{"id":11313,"date":"2024-07-23T02:38:25","date_gmt":"2024-07-22T23:38:25","guid":{"rendered":"https:\/\/limarmobilya.com\/?post_type=product&#038;p=11313"},"modified":"2024-07-23T02:44:50","modified_gmt":"2024-07-22T23:44:50","slug":"limar-l-102-cok-amacli-3-kapakli-ofis-dolabi","status":"publish","type":"product","link":"https:\/\/limarmobilya.com\/?product=limar-l-102-cok-amacli-3-kapakli-ofis-dolabi","title":{"rendered":"Limar (L-102) \u00c7ok Ama\u00e7l\u0131 3 Kapakl\u0131 Ofis Dolab\u0131"},"content":{"rendered":"","protected":false},"excerpt":{"rendered":"<p>Boy: 155 cm<\/p>\n<p>En: 90 cm<\/p>\n<p>Derinlik: 35 cm<\/p>\n","protected":false},"featured_media":8895,"comment_status":"open","ping_status":"closed","template":"","meta":[],"product_cat":[72],"product_tag":[],"class_list":{"0":"post-11313","1":"product","2":"type-product","3":"status-publish","4":"has-post-thumbnail","6":"product_cat-ofis-dolabi","8":"first","9":"instock","10":"sale","11":"taxable","12":"shipping-taxable","13":"purchasable","14":"product-type-simple"},"_links":{"self":[{"href":"https:\/\/limarmobilya.com\/index.php?rest_route=\/wp\/v2\/product\/11313","targetHints":{"allow":["GET"]}}],"collection":[{"href":"https:\/\/limarmobilya.com\/index.php?rest_route=\/wp\/v2\/product"}],"about":[{"href":"https:\/\/limarmobilya.com\/index.php?rest_route=\/wp\/v2\/types\/product"}],"replies":[{"embeddable":true,"href":"https:\/\/limarmobilya.com\/index.php?rest_route=%2Fwp%2Fv2%2Fcomments&post=11313"}],"version-history":[{"count":1,"href":"https:\/\/limarmobilya.com\/index.php?rest_route=\/wp\/v2\/product\/11313\/revisions"}],"predecessor-version":[{"id":11343,"href":"https:\/\/limarmobilya.com\/index.php?rest_route=\/wp\/v2\/product\/11313\/revisions\/11343"}],"wp:featuredmedia":[{"embeddable":true,"href":"https:\/\/limarmobilya.com\/index.php?rest_route=\/wp\/v2\/media\/8895"}],"wp:attachment":[{"href":"https:\/\/limarmobilya.com\/index.php?rest_route=%2Fwp%2Fv2%2Fmedia&parent=11313"}],"wp:term":[{"taxonomy":"product_cat","embeddable":true,"href":"https:\/\/limarmobilya.com\/index.php?rest_route=%2Fwp%2Fv2%2Fproduct_cat&post=11313"},{"taxonomy":"product_tag","embeddable":true,"href":"https:\/\/limarmobilya.com\/index.php?rest_route=%2Fwp%2Fv2%2Fproduct_tag&post=11313"}],"curies":[{"name":"wp","href":"https:\/\/api.w.org\/{rel}","templated":true}]}}